{"id":9,"date":"2024-12-20T15:32:04","date_gmt":"2024-12-20T14:32:04","guid":{"rendered":"http:\/\/joes.light-and-time.de\/?page_id=9"},"modified":"2024-12-20T17:10:36","modified_gmt":"2024-12-20T16:10:36","slug":"impressum","status":"publish","type":"page","link":"https:\/\/joes.light-and-time.de\/?page_id=9","title":{"rendered":"Impressum"},"content":{"rendered":"\n<p>Joachim Boukamp<\/p>\n\n\n\n<p>Wieschebrink 35<br>48499 Salzbergen<br>Deutschland<\/p>\n\n\n\n<p>Telefon: 015170131613<\/p>\n\n\n\n<p>E-Mail:&nbsp;<a href=\"mailto:info@light-and-time.de\">info@light-and-time.de<\/a><\/p>\n\n\n\n<p>Kleinunternehmer gem\u00e4\u00df \u00a7 19 UStG,&nbsp;Steuernummer 2661\/105\/06692<\/p>\n\n\n\n<p>Registrierungsnummer der EAR: WEEE-Reg.-Nr. DE 43487758<\/p>\n\n\n\n<p>Die Europ\u00e4ische Kommission stellt eine Plattform zur Online-Streitbeilegung (OS) bereit, die Sie hier finden&nbsp;<a href=\"\/\/ec.europa.eu\/consumers\/odr\/\" target=\"_blank\" rel=\"noreferrer noopener\">httpss:\/\/ec.europa.eu\/consumers\/odr\/<\/a>.<br>Wir sind bereit, an einem au\u00dfergerichtlichen Schlichtungsverfahren vor einer Verbraucherschlichtungsstelle teilzunehmen.<br>Zust\u00e4ndig ist die Allgemeine Verbraucherschlichtungsstelle des Zentrums f\u00fcr Schlichtung e.V., Stra\u00dfburger Stra\u00dfe 8, 77694 Kehl am Rhein,&nbsp;<a href=\"https:\/\/www.verbraucher-schlichter.de\/\" target=\"_blank\" rel=\"noreferrer noopener\">www.verbraucher-schlichter.de<\/a>.<\/p>\n","protected":false},"excerpt":{"rendered":"<p>Joachim Boukamp Wieschebrink 3548499 SalzbergenDeutschland Telefon: 015170131613 E-Mail:&nbsp;info@light-and-time.de Kleinunternehmer gem\u00e4\u00df \u00a7 19 UStG,&nbsp;Steuernummer 2661\/105\/06692 Registrierungsnummer der EAR: WEEE-Reg.-Nr. DE 43487758 Die Europ\u00e4ische Kommission stellt eine Plattform zur Online-Streitbeilegung (OS) bereit, die Sie hier finden&nbsp;httpss:\/\/ec.europa.eu\/consumers\/odr\/.Wir sind bereit, an einem au\u00dfergerichtlichen Schlichtungsverfahren vor einer Verbraucherschlichtungsstelle teilzunehmen.Zust\u00e4ndig ist die Allgemeine Verbraucherschlichtungsstelle des Zentrums f\u00fcr Schlichtung e.V., Stra\u00dfburger Stra\u00dfe [&hellip;]<\/p>\n","protected":false},"author":1,"featured_media":0,"parent":0,"menu_order":0,"comment_status":"closed","ping_status":"closed","template":"","meta":{"footnotes":""},"class_list":["post-9","page","type-page","status-publish","hentry","post"],"_links":{"self":[{"href":"https:\/\/joes.light-and-time.de\/index.php?rest_route=\/wp\/v2\/pages\/9","targetHints":{"allow":["GET"]}}],"collection":[{"href":"https:\/\/joes.light-and-time.de\/index.php?rest_route=\/wp\/v2\/pages"}],"about":[{"href":"https:\/\/joes.light-and-time.de\/index.php?rest_route=\/wp\/v2\/types\/page"}],"author":[{"embeddable":true,"href":"https:\/\/joes.light-and-time.de\/index.php?rest_route=\/wp\/v2\/users\/1"}],"replies":[{"embeddable":true,"href":"https:\/\/joes.light-and-time.de\/index.php?rest_route=%2Fwp%2Fv2%2Fcomments&post=9"}],"version-history":[{"count":2,"href":"https:\/\/joes.light-and-time.de\/index.php?rest_route=\/wp\/v2\/pages\/9\/revisions"}],"predecessor-version":[{"id":61,"href":"https:\/\/joes.light-and-time.de\/index.php?rest_route=\/wp\/v2\/pages\/9\/revisions\/61"}],"wp:attachment":[{"href":"https:\/\/joes.light-and-time.de\/index.php?rest_route=%2Fwp%2Fv2%2Fmedia&parent=9"}],"curies":[{"name":"wp","href":"https:\/\/api.w.org\/{rel}","templated":true}]}}