{"id":20,"date":"2024-12-20T15:35:22","date_gmt":"2024-12-20T14:35:22","guid":{"rendered":"http:\/\/joes.light-and-time.de\/?page_id=20"},"modified":"2024-12-22T11:11:04","modified_gmt":"2024-12-22T10:11:04","slug":"joes-light-time","status":"publish","type":"page","link":"https:\/\/joes.light-and-time.de\/","title":{"rendered":"Joe&#8217;s Light &amp; Time"},"content":{"rendered":"\n<h2 class=\"wp-block-heading\"><strong><em>Software f\u00fcr Autorennbahnen <strong><em>\u2013<\/em><\/strong> Joe&#8217;s Light &amp; Time, Version 2.23<\/em><\/strong><\/h2>\n\n\n<p><img loading=\"lazy\" decoding=\"async\" class=\"size-medium wp-image-98 alignright\" src=\"https:\/\/joes.light-and-time.de\/wp-content\/uploads\/2024\/12\/lt2_sweckig-300x165.jpg\" alt=\"\" width=\"300\" height=\"165\" srcset=\"https:\/\/joes.light-and-time.de\/wp-content\/uploads\/2024\/12\/lt2_sweckig-300x165.jpg 300w, https:\/\/joes.light-and-time.de\/wp-content\/uploads\/2024\/12\/lt2_sweckig.jpg 413w\" sizes=\"auto, (max-width: 300px) 100vw, 300px\" \/>Software f\u00fcr Automodellrennbahnen\/ Slotcar-Bahnen\/ Carrera-Rennbahnen:<\/p>\n<p>Joe&#8217;s Light &amp; Time ist eine kostenlose Rennbahnsoftware zur Verwaltung und Durchf\u00fchrung von Rennen und Wettk\u00e4mpfen mit Zeitmessung und Rundenz\u00e4hlung.<br \/>Joe&#8217;s Light &amp; Time f\u00fcr f\u00fcr verschiedene Rennbahnzeitmessungen (Messhardware) geeignet.<\/p>\n<p>Die Software kann im Men\u00fcpunkt Download herunter geladen werden, ein ausf\u00fchrliches Handbuch ist ebenfalls verf\u00fcgbar. Nach kurzer Installation ist sie einsatzbereit. Im Simulationsmodus kannst du das Programm auch ohne Messhardware testen. Mit den Zifferntasten 1 bis 6 werden die Rundenz\u00e4hlungen ausgel\u00f6st (weitere Tasten einstellbar).<\/p>\n\n\n<div style=\"height:20px\" aria-hidden=\"true\" class=\"wp-block-spacer\"><\/div>\n\n\n\n<h3 class=\"wp-block-heading\">Wichtiger Hinweis:<\/h3>\n\n\n\n<p>Diese Software wird nicht weiterentwickelt, es finden auch keine Fehlerberichtigungen mehr statt.<\/p>\n\n\n\n<p>Stattdessen habe ich f\u00fcr moderne PC-Systeme den LapTimer entwickelt, der diese Software abl\u00f6st. Den LapTimer findest du auf meiner Homepage <strong><a href=\"https:\/\/laptimer.light-and-time.de\" target=\"_blank\" rel=\"noreferrer noopener\">https:\/\/laptimer.light-and-time.de<\/a><\/strong>.<\/p>\n\n\n\n<p>Insbesondere f\u00fcr \u00e4ltere PC-Systeme und bestimmte, \u00e4ltere Messhardware ist Joe&#8217;s Light &amp; Time aber weiterhin die Software der Wahl.<\/p>\n\n\n\n<figure class=\"wp-block-gallery has-nested-images columns-default wp-block-gallery-1 is-layout-flex wp-block-gallery-is-layout-flex\">\n<figure data-wp-context=\"{&quot;imageId&quot;:&quot;69e57dd700273&quot;}\" data-wp-interactive=\"core\/image\" data-wp-key=\"69e57dd700273\" class=\"wp-block-image size-large wp-lightbox-container\"><img loading=\"lazy\" decoding=\"async\" width=\"863\" height=\"736\" data-wp-class--hide=\"state.isContentHidden\" data-wp-class--show=\"state.isContentVisible\" data-wp-init=\"callbacks.setButtonStyles\" data-wp-on--click=\"actions.showLightbox\" data-wp-on--load=\"callbacks.setButtonStyles\" data-wp-on-window--resize=\"callbacks.setButtonStyles\" data-id=\"67\" src=\"https:\/\/joes.light-and-time.de\/wp-content\/uploads\/2024\/12\/Hauptmenue.jpg\" alt=\"\" class=\"wp-image-67\" srcset=\"https:\/\/joes.light-and-time.de\/wp-content\/uploads\/2024\/12\/Hauptmenue.jpg 863w, https:\/\/joes.light-and-time.de\/wp-content\/uploads\/2024\/12\/Hauptmenue-300x256.jpg 300w, https:\/\/joes.light-and-time.de\/wp-content\/uploads\/2024\/12\/Hauptmenue-768x655.jpg 768w\" sizes=\"auto, (max-width: 863px) 100vw, 863px\" \/><button\n\t\t\tclass=\"lightbox-trigger\"\n\t\t\ttype=\"button\"\n\t\t\taria-haspopup=\"dialog\"\n\t\t\taria-label=\"Vergr\u00f6\u00dfern\"\n\t\t\tdata-wp-init=\"callbacks.initTriggerButton\"\n\t\t\tdata-wp-on--click=\"actions.showLightbox\"\n\t\t\tdata-wp-style--right=\"state.imageButtonRight\"\n\t\t\tdata-wp-style--top=\"state.imageButtonTop\"\n\t\t>\n\t\t\t<svg xmlns=\"http:\/\/www.w3.org\/2000\/svg\" width=\"12\" height=\"12\" fill=\"none\" viewBox=\"0 0 12 12\">\n\t\t\t\t<path fill=\"#fff\" d=\"M2 0a2 2 0 0 0-2 2v2h1.5V2a.5.5 0 0 1 .5-.5h2V0H2Zm2 10.5H2a.5.5 0 0 1-.5-.5V8H0v2a2 2 0 0 0 2 2h2v-1.5ZM8 12v-1.5h2a.5.5 0 0 0 .5-.5V8H12v2a2 2 0 0 1-2 2H8Zm2-12a2 2 0 0 1 2 2v2h-1.5V2a.5.5 0 0 0-.5-.5H8V0h2Z\" \/>\n\t\t\t<\/svg>\n\t\t<\/button><\/figure>\n\n\n\n<figure data-wp-context=\"{&quot;imageId&quot;:&quot;69e57dd7005cf&quot;}\" data-wp-interactive=\"core\/image\" data-wp-key=\"69e57dd7005cf\" class=\"wp-block-image size-large wp-lightbox-container\"><img loading=\"lazy\" decoding=\"async\" width=\"1024\" height=\"819\" data-wp-class--hide=\"state.isContentHidden\" data-wp-class--show=\"state.isContentVisible\" data-wp-init=\"callbacks.setButtonStyles\" data-wp-on--click=\"actions.showLightbox\" data-wp-on--load=\"callbacks.setButtonStyles\" data-wp-on-window--resize=\"callbacks.setButtonStyles\" data-id=\"84\" src=\"https:\/\/joes.light-and-time.de\/wp-content\/uploads\/2024\/12\/Auswertung_sw-1024x819.jpg\" alt=\"\" class=\"wp-image-84\" srcset=\"https:\/\/joes.light-and-time.de\/wp-content\/uploads\/2024\/12\/Auswertung_sw-1024x819.jpg 1024w, https:\/\/joes.light-and-time.de\/wp-content\/uploads\/2024\/12\/Auswertung_sw-300x240.jpg 300w, https:\/\/joes.light-and-time.de\/wp-content\/uploads\/2024\/12\/Auswertung_sw-768x614.jpg 768w, https:\/\/joes.light-and-time.de\/wp-content\/uploads\/2024\/12\/Auswertung_sw.jpg 1280w\" sizes=\"auto, (max-width: 1024px) 100vw, 1024px\" \/><button\n\t\t\tclass=\"lightbox-trigger\"\n\t\t\ttype=\"button\"\n\t\t\taria-haspopup=\"dialog\"\n\t\t\taria-label=\"Vergr\u00f6\u00dfern\"\n\t\t\tdata-wp-init=\"callbacks.initTriggerButton\"\n\t\t\tdata-wp-on--click=\"actions.showLightbox\"\n\t\t\tdata-wp-style--right=\"state.imageButtonRight\"\n\t\t\tdata-wp-style--top=\"state.imageButtonTop\"\n\t\t>\n\t\t\t<svg xmlns=\"http:\/\/www.w3.org\/2000\/svg\" width=\"12\" height=\"12\" fill=\"none\" viewBox=\"0 0 12 12\">\n\t\t\t\t<path fill=\"#fff\" d=\"M2 0a2 2 0 0 0-2 2v2h1.5V2a.5.5 0 0 1 .5-.5h2V0H2Zm2 10.5H2a.5.5 0 0 1-.5-.5V8H0v2a2 2 0 0 0 2 2h2v-1.5ZM8 12v-1.5h2a.5.5 0 0 0 .5-.5V8H12v2a2 2 0 0 1-2 2H8Zm2-12a2 2 0 0 1 2 2v2h-1.5V2a.5.5 0 0 0-.5-.5H8V0h2Z\" \/>\n\t\t\t<\/svg>\n\t\t<\/button><\/figure>\n\n\n\n<figure data-wp-context=\"{&quot;imageId&quot;:&quot;69e57dd7008c2&quot;}\" data-wp-interactive=\"core\/image\" data-wp-key=\"69e57dd7008c2\" class=\"wp-block-image size-large wp-lightbox-container\"><img loading=\"lazy\" decoding=\"async\" width=\"1024\" height=\"576\" data-wp-class--hide=\"state.isContentHidden\" data-wp-class--show=\"state.isContentVisible\" data-wp-init=\"callbacks.setButtonStyles\" data-wp-on--click=\"actions.showLightbox\" data-wp-on--load=\"callbacks.setButtonStyles\" data-wp-on-window--resize=\"callbacks.setButtonStyles\" data-id=\"82\" src=\"https:\/\/joes.light-and-time.de\/wp-content\/uploads\/2024\/12\/Rennen_Zeilenansicht-1024x576.jpg\" alt=\"\" class=\"wp-image-82\" srcset=\"https:\/\/joes.light-and-time.de\/wp-content\/uploads\/2024\/12\/Rennen_Zeilenansicht-1024x576.jpg 1024w, https:\/\/joes.light-and-time.de\/wp-content\/uploads\/2024\/12\/Rennen_Zeilenansicht-300x169.jpg 300w, https:\/\/joes.light-and-time.de\/wp-content\/uploads\/2024\/12\/Rennen_Zeilenansicht-768x432.jpg 768w, https:\/\/joes.light-and-time.de\/wp-content\/uploads\/2024\/12\/Rennen_Zeilenansicht-1536x864.jpg 1536w, https:\/\/joes.light-and-time.de\/wp-content\/uploads\/2024\/12\/Rennen_Zeilenansicht.jpg 1920w\" sizes=\"auto, (max-width: 1024px) 100vw, 1024px\" \/><button\n\t\t\tclass=\"lightbox-trigger\"\n\t\t\ttype=\"button\"\n\t\t\taria-haspopup=\"dialog\"\n\t\t\taria-label=\"Vergr\u00f6\u00dfern\"\n\t\t\tdata-wp-init=\"callbacks.initTriggerButton\"\n\t\t\tdata-wp-on--click=\"actions.showLightbox\"\n\t\t\tdata-wp-style--right=\"state.imageButtonRight\"\n\t\t\tdata-wp-style--top=\"state.imageButtonTop\"\n\t\t>\n\t\t\t<svg xmlns=\"http:\/\/www.w3.org\/2000\/svg\" width=\"12\" height=\"12\" fill=\"none\" viewBox=\"0 0 12 12\">\n\t\t\t\t<path fill=\"#fff\" d=\"M2 0a2 2 0 0 0-2 2v2h1.5V2a.5.5 0 0 1 .5-.5h2V0H2Zm2 10.5H2a.5.5 0 0 1-.5-.5V8H0v2a2 2 0 0 0 2 2h2v-1.5ZM8 12v-1.5h2a.5.5 0 0 0 .5-.5V8H12v2a2 2 0 0 1-2 2H8Zm2-12a2 2 0 0 1 2 2v2h-1.5V2a.5.5 0 0 0-.5-.5H8V0h2Z\" \/>\n\t\t\t<\/svg>\n\t\t<\/button><\/figure>\n<\/figure>\n\n\n\n<div style=\"height:20px\" aria-hidden=\"true\" class=\"wp-block-spacer\"><\/div>\n\n\n\n<h3 class=\"wp-block-heading\">Unterst\u00fctzt folgende Zeitmess-Hardware:<\/h3>\n\n\n\n<ul class=\"wp-block-list\">\n<li>L&amp;T AT-2560 USB Box (im Shop erh\u00e4ltlich)<\/li>\n\n\n\n<li>Carrera ControlUnit (Anschlusskabel im Shop erh\u00e4ltlich)<\/li>\n\n\n\n<li>L&amp;T IOW40 USB Box (wird nicht mehr vertrieben)<\/li>\n\n\n\n<li>L&amp;T Timekeeper (wird nicht mehr vertrieben)<\/li>\n\n\n\n<li>L&amp;T 4\u00d74 USB Box (wird nicht mehr vertrieben)<\/li>\n\n\n\n<li>Slotrun 4\u00d74 USB Box (Fremdhersteller)<\/li>\n\n\n\n<li>RaceControl (Fremdhersteller)<\/li>\n\n\n\n<li>Druckeranschluss des PC (LPT-Port)<\/li>\n<\/ul>\n\n\n\n<div style=\"height:20px\" aria-hidden=\"true\" class=\"wp-block-spacer\"><\/div>\n\n\n\n<figure data-wp-context=\"{&quot;imageId&quot;:&quot;69e57dd701118&quot;}\" data-wp-interactive=\"core\/image\" data-wp-key=\"69e57dd701118\" class=\"wp-block-image size-large wp-lightbox-container\"><img loading=\"lazy\" decoding=\"async\" width=\"1024\" height=\"735\" data-wp-class--hide=\"state.isContentHidden\" data-wp-class--show=\"state.isContentVisible\" data-wp-init=\"callbacks.setButtonStyles\" data-wp-on--click=\"actions.showLightbox\" data-wp-on--load=\"callbacks.setButtonStyles\" data-wp-on-window--resize=\"callbacks.setButtonStyles\" src=\"https:\/\/joes.light-and-time.de\/wp-content\/uploads\/2024\/12\/LT_Box-1024x735.jpg\" alt=\"\" class=\"wp-image-96\" srcset=\"https:\/\/joes.light-and-time.de\/wp-content\/uploads\/2024\/12\/LT_Box-1024x735.jpg 1024w, https:\/\/joes.light-and-time.de\/wp-content\/uploads\/2024\/12\/LT_Box-300x215.jpg 300w, https:\/\/joes.light-and-time.de\/wp-content\/uploads\/2024\/12\/LT_Box-768x551.jpg 768w, https:\/\/joes.light-and-time.de\/wp-content\/uploads\/2024\/12\/LT_Box.jpg 1128w\" sizes=\"auto, (max-width: 1024px) 100vw, 1024px\" \/><button\n\t\t\tclass=\"lightbox-trigger\"\n\t\t\ttype=\"button\"\n\t\t\taria-haspopup=\"dialog\"\n\t\t\taria-label=\"Vergr\u00f6\u00dfern\"\n\t\t\tdata-wp-init=\"callbacks.initTriggerButton\"\n\t\t\tdata-wp-on--click=\"actions.showLightbox\"\n\t\t\tdata-wp-style--right=\"state.imageButtonRight\"\n\t\t\tdata-wp-style--top=\"state.imageButtonTop\"\n\t\t>\n\t\t\t<svg xmlns=\"http:\/\/www.w3.org\/2000\/svg\" width=\"12\" height=\"12\" fill=\"none\" viewBox=\"0 0 12 12\">\n\t\t\t\t<path fill=\"#fff\" d=\"M2 0a2 2 0 0 0-2 2v2h1.5V2a.5.5 0 0 1 .5-.5h2V0H2Zm2 10.5H2a.5.5 0 0 1-.5-.5V8H0v2a2 2 0 0 0 2 2h2v-1.5ZM8 12v-1.5h2a.5.5 0 0 0 .5-.5V8H12v2a2 2 0 0 1-2 2H8Zm2-12a2 2 0 0 1 2 2v2h-1.5V2a.5.5 0 0 0-.5-.5H8V0h2Z\" \/>\n\t\t\t<\/svg>\n\t\t<\/button><figcaption class=\"wp-element-caption\">L&amp;T IOW40 Messhardware, gesteuert mit der Joe&#8217;s Light &amp; Time Software.<\/figcaption><\/figure>\n","protected":false},"excerpt":{"rendered":"<p>Software f\u00fcr Autorennbahnen \u2013 Joe&#8217;s Light &amp; Time, Version 2.23 Software f\u00fcr Automodellrennbahnen\/ Slotcar-Bahnen\/ Carrera-Rennbahnen: Joe&#8217;s Light &amp; Time ist eine kostenlose Rennbahnsoftware zur Verwaltung und Durchf\u00fchrung von Rennen und Wettk\u00e4mpfen mit Zeitmessung und Rundenz\u00e4hlung.Joe&#8217;s Light &amp; Time f\u00fcr f\u00fcr verschiedene Rennbahnzeitmessungen (Messhardware) geeignet. Die Software kann im Men\u00fcpunkt Download herunter geladen werden, ein ausf\u00fchrliches [&hellip;]<\/p>\n","protected":false},"author":1,"featured_media":0,"parent":0,"menu_order":0,"comment_status":"closed","ping_status":"closed","template":"","meta":{"footnotes":""},"class_list":["post-20","page","type-page","status-publish","hentry","post"],"_links":{"self":[{"href":"https:\/\/joes.light-and-time.de\/index.php?rest_route=\/wp\/v2\/pages\/20","targetHints":{"allow":["GET"]}}],"collection":[{"href":"https:\/\/joes.light-and-time.de\/index.php?rest_route=\/wp\/v2\/pages"}],"about":[{"href":"https:\/\/joes.light-and-time.de\/index.php?rest_route=\/wp\/v2\/types\/page"}],"author":[{"embeddable":true,"href":"https:\/\/joes.light-and-time.de\/index.php?rest_route=\/wp\/v2\/users\/1"}],"replies":[{"embeddable":true,"href":"https:\/\/joes.light-and-time.de\/index.php?rest_route=%2Fwp%2Fv2%2Fcomments&post=20"}],"version-history":[{"count":9,"href":"https:\/\/joes.light-and-time.de\/index.php?rest_route=\/wp\/v2\/pages\/20\/revisions"}],"predecessor-version":[{"id":133,"href":"https:\/\/joes.light-and-time.de\/index.php?rest_route=\/wp\/v2\/pages\/20\/revisions\/133"}],"wp:attachment":[{"href":"https:\/\/joes.light-and-time.de\/index.php?rest_route=%2Fwp%2Fv2%2Fmedia&parent=20"}],"curies":[{"name":"wp","href":"https:\/\/api.w.org\/{rel}","templated":true}]}}