{"id":18,"date":"2024-12-20T15:34:26","date_gmt":"2024-12-20T14:34:26","guid":{"rendered":"http:\/\/joes.light-and-time.de\/?page_id=18"},"modified":"2025-05-29T16:50:28","modified_gmt":"2025-05-29T14:50:28","slug":"benutzerhandbuch-und-hilfen","status":"publish","type":"page","link":"https:\/\/joes.light-and-time.de\/?page_id=18","title":{"rendered":"Anleitungen und Hilfe"},"content":{"rendered":"\n<p><a href=\"https:\/\/www.light-and-time.de\/wp-content\/uploads\/2022\/07\/Handbuch_202207_V222.pdf\" data-type=\"link\" data-id=\"https:\/\/www.light-and-time.de\/wp-content\/uploads\/2022\/07\/Handbuch_202207_V222.pdf\" target=\"_blank\" rel=\"noreferrer noopener\">Software Handbuch (PDF-Download; 2,54 MB)<\/a><br><a href=\"https:\/\/joes.light-and-time.de\/wp-content\/uploads\/2025\/05\/Inbetriebnahme-der-AT-2560-Zeitmessung-mit-Joes-Light-Time.pdf\" target=\"_blank\" rel=\"noreferrer noopener\">Inbetriebnahme und erster Start der AT-2560 Zeitmessung (752 KB)<\/a><\/p>\n\n\n\n<p><strong>allgemeine Informationen<\/strong><\/p>\n\n\n<ul class=\"wp-block-latest-posts__list wp-block-latest-posts\"><li><a class=\"wp-block-latest-posts__post-title\" href=\"https:\/\/joes.light-and-time.de\/?p=136\">allgemeine Informationen zu Joe&#8217;s Light &amp; Time<\/a><\/li>\n<li><a class=\"wp-block-latest-posts__post-title\" href=\"https:\/\/joes.light-and-time.de\/?p=138\">Features und Leistungsmerkmale der Software<\/a><\/li>\n<li><a class=\"wp-block-latest-posts__post-title\" href=\"https:\/\/joes.light-and-time.de\/?p=142\">Lizenzen f\u00fcr Light &amp; Time<\/a><\/li>\n<li><a class=\"wp-block-latest-posts__post-title\" href=\"https:\/\/joes.light-and-time.de\/?p=234\">Wie kann man L&amp;T optisch anpassen?<\/a><\/li>\n<\/ul>\n\n\n<p><strong>Fehlerhinweise und Fehlebehebungen<\/strong><\/p>\n\n\n<ul class=\"wp-block-latest-posts__list wp-block-latest-posts\"><li><a class=\"wp-block-latest-posts__post-title\" href=\"https:\/\/joes.light-and-time.de\/?p=144\">Fehlerhinweis 339<\/a><\/li>\n<li><a class=\"wp-block-latest-posts__post-title\" href=\"https:\/\/joes.light-and-time.de\/?p=149\">gelbes Ausrufezeichen im Ger\u00e4temanager<\/a><\/li>\n<li><a class=\"wp-block-latest-posts__post-title\" href=\"https:\/\/joes.light-and-time.de\/?p=151\">COM-Port gr\u00f6\u00dfer 16 &#8211; Zeitmessung wird nicht erkannt<\/a><\/li>\n<li><a class=\"wp-block-latest-posts__post-title\" href=\"https:\/\/joes.light-and-time.de\/?p=157\">Runtime Error 8018 oder Laufzeitfehler 8002<\/a><\/li>\n<li><a class=\"wp-block-latest-posts__post-title\" href=\"https:\/\/joes.light-and-time.de\/?p=161\">es wird nur jede zweite Runde gez\u00e4hlt, zu sp\u00e4t oder doppelt gez\u00e4hlt<\/a><\/li>\n<li><a class=\"wp-block-latest-posts__post-title\" href=\"https:\/\/joes.light-and-time.de\/?p=164\">es werden Geisterrunden in regelnm\u00e4\u00dfigen Abst\u00e4nden gez\u00e4hlt<\/a><\/li>\n<li><a class=\"wp-block-latest-posts__post-title\" href=\"https:\/\/joes.light-and-time.de\/?p=169\">Reedsensoren\/ Magnetsensoren z\u00e4hlen unregelm\u00e4\u00dfig<\/a><\/li>\n<\/ul>\n\n\n<p><strong>Kurzanleitungen und Hilfen<\/strong><\/p>\n\n\n<ul class=\"wp-block-latest-posts__list wp-block-latest-posts\"><li><a class=\"wp-block-latest-posts__post-title\" href=\"https:\/\/joes.light-and-time.de\/?p=175\">erster Start von Light &amp; Time &#8211; Grundlagen<\/a><\/li>\n<li><a class=\"wp-block-latest-posts__post-title\" href=\"https:\/\/joes.light-and-time.de\/?p=180\">erster Programmstart &#8211; Messhardware ausw\u00e4hlen<\/a><\/li>\n<li><a class=\"wp-block-latest-posts__post-title\" href=\"https:\/\/joes.light-and-time.de\/?p=185\">Zeitmessung AT-2560 USB einrichten<\/a><\/li>\n<li><a class=\"wp-block-latest-posts__post-title\" href=\"https:\/\/joes.light-and-time.de\/?p=204\">Zeitmessung IOW40 USB einrichten<\/a><\/li>\n<li><a class=\"wp-block-latest-posts__post-title\" href=\"https:\/\/joes.light-and-time.de\/?p=208\">Zeitmessung mit CU-Anschlusskabel einstellen<\/a><\/li>\n<li><a class=\"wp-block-latest-posts__post-title\" href=\"https:\/\/joes.light-and-time.de\/?p=214\">Chaosfunktion mit Strafzeiten<\/a><\/li>\n<li><a class=\"wp-block-latest-posts__post-title\" href=\"https:\/\/joes.light-and-time.de\/?p=221\">Tanken mit analogen Rennbahnen &#8211; Grundlagen<\/a><\/li>\n<li><a class=\"wp-block-latest-posts__post-title\" href=\"https:\/\/joes.light-and-time.de\/?p=234\">Wie kann man L&amp;T optisch anpassen?<\/a><\/li>\n<\/ul>","protected":false},"excerpt":{"rendered":"<p>Software Handbuch (PDF-Download; 2,54 MB)Inbetriebnahme und erster Start der AT-2560 Zeitmessung (752 KB) allgemeine Informationen Fehlerhinweise und Fehlebehebungen Kurzanleitungen und Hilfen<\/p>\n","protected":false},"author":1,"featured_media":0,"parent":0,"menu_order":0,"comment_status":"closed","ping_status":"closed","template":"","meta":{"footnotes":""},"class_list":["post-18","page","type-page","status-publish","hentry","post"],"_links":{"self":[{"href":"https:\/\/joes.light-and-time.de\/index.php?rest_route=\/wp\/v2\/pages\/18","targetHints":{"allow":["GET"]}}],"collection":[{"href":"https:\/\/joes.light-and-time.de\/index.php?rest_route=\/wp\/v2\/pages"}],"about":[{"href":"https:\/\/joes.light-and-time.de\/index.php?rest_route=\/wp\/v2\/types\/page"}],"author":[{"embeddable":true,"href":"https:\/\/joes.light-and-time.de\/index.php?rest_route=\/wp\/v2\/users\/1"}],"replies":[{"embeddable":true,"href":"https:\/\/joes.light-and-time.de\/index.php?rest_route=%2Fwp%2Fv2%2Fcomments&post=18"}],"version-history":[{"count":10,"href":"https:\/\/joes.light-and-time.de\/index.php?rest_route=\/wp\/v2\/pages\/18\/revisions"}],"predecessor-version":[{"id":246,"href":"https:\/\/joes.light-and-time.de\/index.php?rest_route=\/wp\/v2\/pages\/18\/revisions\/246"}],"wp:attachment":[{"href":"https:\/\/joes.light-and-time.de\/index.php?rest_route=%2Fwp%2Fv2%2Fmedia&parent=18"}],"curies":[{"name":"wp","href":"https:\/\/api.w.org\/{rel}","templated":true}]}}