{"id":16,"date":"2024-12-20T15:33:45","date_gmt":"2024-12-20T14:33:45","guid":{"rendered":"http:\/\/joes.light-and-time.de\/?page_id=16"},"modified":"2024-12-20T17:35:00","modified_gmt":"2024-12-20T16:35:00","slug":"systemvoraussetzungen","status":"publish","type":"page","link":"https:\/\/joes.light-and-time.de\/?page_id=16","title":{"rendered":"Systemvoraussetzungen"},"content":{"rendered":"\n<p>Joe&#8217;s Light &amp; Time bis Version 2.23 ist mit folgenden Betriebssystemen lauff\u00e4hig:<\/p>\n\n\n\n<figure class=\"wp-block-table\"><table><tbody><tr><td>Betriebssystem<\/td><td>Bemerkung<\/td><\/tr><tr><td>Windows 11<\/td><td>ja (getestet)<\/td><\/tr><tr><td>Windows 10<\/td><td>ja (getestet)<\/td><\/tr><tr><td>Windows 8.1<\/td><td>ja (getestet)<\/td><\/tr><tr><td>Windows 8<\/td><td>ja (getestet)<\/td><\/tr><tr><td>Windows 7<\/td><td>ja (getestet)<\/td><\/tr><tr><td>Windows Vista<\/td><td>ja (getestet)<\/td><\/tr><tr><td>Windows XP<\/td><td>ja (getestet)<\/td><\/tr><\/tbody><\/table><\/figure>\n\n\n\n<p>Die Bildschirmausgabe ist optimiert f\u00fcr Monitore im 4:3 Format. Bei Monitoren im 16:9\/16:10 Breitformatempfiehlt sich das Bild auf die Monitorbreite zu ziehen (Funktion des Monitors).<\/p>\n\n\n\n<p>Je nach verwendeter Messhardware k\u00f6nnen sich weitere Einschr\u00e4nkungen bei den Betriebssystemen ergeben:<\/p>\n\n\n\n<ul class=\"wp-block-list\">\n<li>Bei L&amp;T CU\/BB-RZ Anschlusskabeln richtet sich das unterst\u00fctzte Betriebssystem nach dem verwendeten Kabel. Nicht alle Kabelarten sind f\u00fcr alle Betriebssysteme gleicherma\u00dfen geeignet.<\/li>\n\n\n\n<li>L&amp;T 4\u00d74 USB Box und Slotrun USB4x4 Box k\u00f6nnen mangels passender Treiber nur mit Win XP, Vista und 7 verwendet werden.<\/li>\n\n\n\n<li>Der L&amp;T Timekeeper USB kann nur mit Win XP, Vista und 7 betrieben werden.<\/li>\n\n\n\n<li>Die Funktion mit Win 98se \/ ME ist im Einzelfall gegeben \u2013 kann aber nicht garantiert werden.<\/li>\n<\/ul>\n\n\n\n<p>Joe&#8217;s L&amp;T wurde f\u00fcr Windows entwickelt. Auf Linux oder Apple Computern ist das Programm nicht lauff\u00e4hig. Die Lauff\u00e4higkeit und Genauigkeit beim Einsatz in einem Emulator, einer Virtuellen Maschine, etc. kann aufgrund der zeitkritischen Operationen nicht garantiert werden.<\/p>\n\n\n\n<h3 class=\"wp-block-heading\"><strong>Hardwarevoraussetzungen:<\/strong><\/h3>\n\n\n\n<p>Prozessorleistung mindestens 800 MHz, optimal 1 GHz<\/p>\n\n\n\n<p>USB ab 2.0<\/p>\n\n\n\n<p>An die Grafikleistung und Speicherausbau werden keine besonderen Anforderungen gestellt.<\/p>\n\n\n\n<p>Netbooks werden aufgrund der eingeschr\u00e4nkten Rechenleistung auch beim \u00dcberschreiten der oben genannten Voraussetzungen aufgrund der langsamen Prozessoren nicht zum Einsatz mit L&amp;T empfohlen. Dem Einsatz mit entsprechenden Notebooks\/Laptops steht indes nichts entgegen.<\/p>\n\n\n\n<p>Bei der Ansteuerung &nbsp;des LPT-Ports sind schnellere Rechner vorteilhaft, es sollte zudem eine Impulsverl\u00e4ngerung genutzt werden.<\/p>\n\n\n\n<p>Ist der Rechner zu langsam, sollte zun\u00e4chst die Soundausgabe deaktiviert werden.<\/p>\n\n\n\n<h3 class=\"wp-block-heading\"><strong>Installation:<\/strong><\/h3>\n\n\n\n<p>L&amp;T braucht nicht installiert werden. Es ist auch mobil von einem USB-Stick einsetzbar. Lediglich unter Win Vista, Win 7, Win 8 und Win 10 muss die im Programmverzeichnis enthaltene Datei setup.exe bei der Software Joe\u2019s Light &amp; Time bis Version 2.23 einmal ausgef\u00fchrt werden, um zus\u00e4tzliche Bibliothekdateien im Betriebssystem anzumelden.<\/p>\n\n\n\n<p>Dennoch ist inzwischen eine Installationsversion verf\u00fcgbar, die alle ben\u00f6tigten Schritte teilautomatisiert ausf\u00fchrt und so einfach zu bedienen ist.<\/p>\n\n\n\n<p>Zur&nbsp;<strong>Deinstallation<\/strong>&nbsp;bringt diese Version ein Deinstallationseintrag kann \u00fcber die Windows-Systemtools erfolgen, andernfalls l\u00f6schen Sie einfach das L&amp;T Programmverzeichnis,<\/p>\n\n\n\n<p>Details zur Verwendung der Softwareversionen findest du im jeweiligen Softwarebereich.<\/p>\n\n\n\n<h3 class=\"wp-block-heading\"><strong>Wichtiger Hinweis:<\/strong><\/h3>\n\n\n\n<p>Virenscanner, Firewalls, System\u00fcberwachungstools (Norton System Tools, Symantec Tools, etc bremsen den PC stark aus. Der PC sollte zur Zeitmessung offline betrieben werden, die o.g. Tools m\u00f6glichst deaktiviert werden (\u00fcblicherweise kann der Virenscanner und die Firewall aktiv bleiben). Bei Notebooks sollten die Stromsparoptionen deaktiviert sein.<\/p>\n","protected":false},"excerpt":{"rendered":"<p>Joe&#8217;s Light &amp; Time bis Version 2.23 ist mit folgenden Betriebssystemen lauff\u00e4hig: Betriebssystem Bemerkung Windows 11 ja (getestet) Windows 10 ja (getestet) Windows 8.1 ja (getestet) Windows 8 ja (getestet) Windows 7 ja (getestet) Windows Vista ja (getestet) Windows XP ja (getestet) Die Bildschirmausgabe ist optimiert f\u00fcr Monitore im 4:3 Format. Bei Monitoren im 16:9\/16:10 [&hellip;]<\/p>\n","protected":false},"author":1,"featured_media":0,"parent":0,"menu_order":0,"comment_status":"closed","ping_status":"closed","template":"","meta":{"footnotes":""},"class_list":["post-16","page","type-page","status-publish","hentry","post"],"_links":{"self":[{"href":"https:\/\/joes.light-and-time.de\/index.php?rest_route=\/wp\/v2\/pages\/16","targetHints":{"allow":["GET"]}}],"collection":[{"href":"https:\/\/joes.light-and-time.de\/index.php?rest_route=\/wp\/v2\/pages"}],"about":[{"href":"https:\/\/joes.light-and-time.de\/index.php?rest_route=\/wp\/v2\/types\/page"}],"author":[{"embeddable":true,"href":"https:\/\/joes.light-and-time.de\/index.php?rest_route=\/wp\/v2\/users\/1"}],"replies":[{"embeddable":true,"href":"https:\/\/joes.light-and-time.de\/index.php?rest_route=%2Fwp%2Fv2%2Fcomments&post=16"}],"version-history":[{"count":3,"href":"https:\/\/joes.light-and-time.de\/index.php?rest_route=\/wp\/v2\/pages\/16\/revisions"}],"predecessor-version":[{"id":66,"href":"https:\/\/joes.light-and-time.de\/index.php?rest_route=\/wp\/v2\/pages\/16\/revisions\/66"}],"wp:attachment":[{"href":"https:\/\/joes.light-and-time.de\/index.php?rest_route=%2Fwp%2Fv2%2Fmedia&parent=16"}],"curies":[{"name":"wp","href":"https:\/\/api.w.org\/{rel}","templated":true}]}}