{"id":14,"date":"2024-12-20T15:33:28","date_gmt":"2024-12-20T14:33:28","guid":{"rendered":"http:\/\/joes.light-and-time.de\/?page_id=14"},"modified":"2024-12-21T17:55:14","modified_gmt":"2024-12-21T16:55:14","slug":"screenshots","status":"publish","type":"page","link":"https:\/\/joes.light-and-time.de\/?page_id=14","title":{"rendered":"Screenshots"},"content":{"rendered":"\n<p>Durch vielfache Einstellm\u00f6glichkeiten f\u00fcr Bildschirmfarben, Schriftfarben und anzuzeigende Elemente l\u00e4sst sich L&amp;T individuell anpassen. Die folgenden Bilder geben einen Eindruck von den M\u00f6glichkeiten:<\/p>\n\n\n\n<figure data-wp-context=\"{&quot;imageId&quot;:&quot;69df4ba2dbaab&quot;}\" data-wp-interactive=\"core\/image\" data-wp-key=\"69df4ba2dbaab\" class=\"wp-block-image size-full is-resized wp-lightbox-container\"><img loading=\"lazy\" decoding=\"async\" width=\"863\" height=\"736\" data-wp-class--hide=\"state.isContentHidden\" data-wp-class--show=\"state.isContentVisible\" data-wp-init=\"callbacks.setButtonStyles\" data-wp-on--click=\"actions.showLightbox\" data-wp-on--load=\"callbacks.setButtonStyles\" data-wp-on-window--resize=\"callbacks.setButtonStyles\" src=\"https:\/\/joes.light-and-time.de\/wp-content\/uploads\/2024\/12\/Hauptmenue.jpg\" alt=\"\" class=\"wp-image-67\" style=\"width:600px\" srcset=\"https:\/\/joes.light-and-time.de\/wp-content\/uploads\/2024\/12\/Hauptmenue.jpg 863w, https:\/\/joes.light-and-time.de\/wp-content\/uploads\/2024\/12\/Hauptmenue-300x256.jpg 300w, https:\/\/joes.light-and-time.de\/wp-content\/uploads\/2024\/12\/Hauptmenue-768x655.jpg 768w\" sizes=\"auto, (max-width: 863px) 100vw, 863px\" \/><button\n\t\t\tclass=\"lightbox-trigger\"\n\t\t\ttype=\"button\"\n\t\t\taria-haspopup=\"dialog\"\n\t\t\taria-label=\"Vergr\u00f6\u00dfern\"\n\t\t\tdata-wp-init=\"callbacks.initTriggerButton\"\n\t\t\tdata-wp-on--click=\"actions.showLightbox\"\n\t\t\tdata-wp-style--right=\"state.imageButtonRight\"\n\t\t\tdata-wp-style--top=\"state.imageButtonTop\"\n\t\t>\n\t\t\t<svg xmlns=\"http:\/\/www.w3.org\/2000\/svg\" width=\"12\" height=\"12\" fill=\"none\" viewBox=\"0 0 12 12\">\n\t\t\t\t<path fill=\"#fff\" d=\"M2 0a2 2 0 0 0-2 2v2h1.5V2a.5.5 0 0 1 .5-.5h2V0H2Zm2 10.5H2a.5.5 0 0 1-.5-.5V8H0v2a2 2 0 0 0 2 2h2v-1.5ZM8 12v-1.5h2a.5.5 0 0 0 .5-.5V8H12v2a2 2 0 0 1-2 2H8Zm2-12a2 2 0 0 1 2 2v2h-1.5V2a.5.5 0 0 0-.5-.5H8V0h2Z\" \/>\n\t\t\t<\/svg>\n\t\t<\/button><\/figure>\n\n\n\n<p>Das Hauptmen\u00fc bietet schnellen Zugriff auf die grundlegenden Einstellungen mit wenigen Klicks.<\/p>\n\n\n\n<figure data-wp-context=\"{&quot;imageId&quot;:&quot;69df4ba2dbe33&quot;}\" data-wp-interactive=\"core\/image\" data-wp-key=\"69df4ba2dbe33\" class=\"wp-block-image size-full is-resized wp-lightbox-container\"><img loading=\"lazy\" decoding=\"async\" width=\"639\" height=\"527\" data-wp-class--hide=\"state.isContentHidden\" data-wp-class--show=\"state.isContentVisible\" data-wp-init=\"callbacks.setButtonStyles\" data-wp-on--click=\"actions.showLightbox\" data-wp-on--load=\"callbacks.setButtonStyles\" data-wp-on-window--resize=\"callbacks.setButtonStyles\" src=\"https:\/\/joes.light-and-time.de\/wp-content\/uploads\/2024\/12\/Einstellungen.jpg\" alt=\"\" class=\"wp-image-69\" style=\"width:600px\" srcset=\"https:\/\/joes.light-and-time.de\/wp-content\/uploads\/2024\/12\/Einstellungen.jpg 639w, https:\/\/joes.light-and-time.de\/wp-content\/uploads\/2024\/12\/Einstellungen-300x247.jpg 300w\" sizes=\"auto, (max-width: 639px) 100vw, 639px\" \/><button\n\t\t\tclass=\"lightbox-trigger\"\n\t\t\ttype=\"button\"\n\t\t\taria-haspopup=\"dialog\"\n\t\t\taria-label=\"Vergr\u00f6\u00dfern\"\n\t\t\tdata-wp-init=\"callbacks.initTriggerButton\"\n\t\t\tdata-wp-on--click=\"actions.showLightbox\"\n\t\t\tdata-wp-style--right=\"state.imageButtonRight\"\n\t\t\tdata-wp-style--top=\"state.imageButtonTop\"\n\t\t>\n\t\t\t<svg xmlns=\"http:\/\/www.w3.org\/2000\/svg\" width=\"12\" height=\"12\" fill=\"none\" viewBox=\"0 0 12 12\">\n\t\t\t\t<path fill=\"#fff\" d=\"M2 0a2 2 0 0 0-2 2v2h1.5V2a.5.5 0 0 1 .5-.5h2V0H2Zm2 10.5H2a.5.5 0 0 1-.5-.5V8H0v2a2 2 0 0 0 2 2h2v-1.5ZM8 12v-1.5h2a.5.5 0 0 0 .5-.5V8H12v2a2 2 0 0 1-2 2H8Zm2-12a2 2 0 0 1 2 2v2h-1.5V2a.5.5 0 0 0-.5-.5H8V0h2Z\" \/>\n\t\t\t<\/svg>\n\t\t<\/button><\/figure>\n\n\n\n<p>Im Einstellungsmen\u00fc k\u00f6nnen viele Rennparameter und Programmdetails festgelegt werden. Aussehen und Funktion\/Rennablauf k\u00f6nnen so an deine Bed\u00fcrfnisse angepasst werden.<\/p>\n\n\n\n<figure data-wp-context=\"{&quot;imageId&quot;:&quot;69df4ba2dc0c7&quot;}\" data-wp-interactive=\"core\/image\" data-wp-key=\"69df4ba2dc0c7\" class=\"wp-block-image size-full is-resized wp-lightbox-container\"><img loading=\"lazy\" decoding=\"async\" width=\"784\" height=\"311\" data-wp-class--hide=\"state.isContentHidden\" data-wp-class--show=\"state.isContentVisible\" data-wp-init=\"callbacks.setButtonStyles\" data-wp-on--click=\"actions.showLightbox\" data-wp-on--load=\"callbacks.setButtonStyles\" data-wp-on-window--resize=\"callbacks.setButtonStyles\" src=\"https:\/\/joes.light-and-time.de\/wp-content\/uploads\/2024\/12\/LT_Ampel_1-1.jpg\" alt=\"\" class=\"wp-image-80\" style=\"width:600px\" srcset=\"https:\/\/joes.light-and-time.de\/wp-content\/uploads\/2024\/12\/LT_Ampel_1-1.jpg 784w, https:\/\/joes.light-and-time.de\/wp-content\/uploads\/2024\/12\/LT_Ampel_1-1-300x119.jpg 300w, https:\/\/joes.light-and-time.de\/wp-content\/uploads\/2024\/12\/LT_Ampel_1-1-768x305.jpg 768w\" sizes=\"auto, (max-width: 784px) 100vw, 784px\" \/><button\n\t\t\tclass=\"lightbox-trigger\"\n\t\t\ttype=\"button\"\n\t\t\taria-haspopup=\"dialog\"\n\t\t\taria-label=\"Vergr\u00f6\u00dfern\"\n\t\t\tdata-wp-init=\"callbacks.initTriggerButton\"\n\t\t\tdata-wp-on--click=\"actions.showLightbox\"\n\t\t\tdata-wp-style--right=\"state.imageButtonRight\"\n\t\t\tdata-wp-style--top=\"state.imageButtonTop\"\n\t\t>\n\t\t\t<svg xmlns=\"http:\/\/www.w3.org\/2000\/svg\" width=\"12\" height=\"12\" fill=\"none\" viewBox=\"0 0 12 12\">\n\t\t\t\t<path fill=\"#fff\" d=\"M2 0a2 2 0 0 0-2 2v2h1.5V2a.5.5 0 0 1 .5-.5h2V0H2Zm2 10.5H2a.5.5 0 0 1-.5-.5V8H0v2a2 2 0 0 0 2 2h2v-1.5ZM8 12v-1.5h2a.5.5 0 0 0 .5-.5V8H12v2a2 2 0 0 1-2 2H8Zm2-12a2 2 0 0 1 2 2v2h-1.5V2a.5.5 0 0 0-.5-.5H8V0h2Z\" \/>\n\t\t\t<\/svg>\n\t\t<\/button><\/figure>\n\n\n\n<p>Startampel mit 5 Rotphasen<\/p>\n\n\n\n<figure data-wp-context=\"{&quot;imageId&quot;:&quot;69df4ba2dc3cd&quot;}\" data-wp-interactive=\"core\/image\" data-wp-key=\"69df4ba2dc3cd\" class=\"wp-block-image size-full is-resized wp-lightbox-container\"><img loading=\"lazy\" decoding=\"async\" width=\"784\" height=\"311\" data-wp-class--hide=\"state.isContentHidden\" data-wp-class--show=\"state.isContentVisible\" data-wp-init=\"callbacks.setButtonStyles\" data-wp-on--click=\"actions.showLightbox\" data-wp-on--load=\"callbacks.setButtonStyles\" data-wp-on-window--resize=\"callbacks.setButtonStyles\" src=\"https:\/\/joes.light-and-time.de\/wp-content\/uploads\/2024\/12\/LT_Ampel_2-1.jpg\" alt=\"\" class=\"wp-image-81\" style=\"width:600px\" srcset=\"https:\/\/joes.light-and-time.de\/wp-content\/uploads\/2024\/12\/LT_Ampel_2-1.jpg 784w, https:\/\/joes.light-and-time.de\/wp-content\/uploads\/2024\/12\/LT_Ampel_2-1-300x119.jpg 300w, https:\/\/joes.light-and-time.de\/wp-content\/uploads\/2024\/12\/LT_Ampel_2-1-768x305.jpg 768w\" sizes=\"auto, (max-width: 784px) 100vw, 784px\" \/><button\n\t\t\tclass=\"lightbox-trigger\"\n\t\t\ttype=\"button\"\n\t\t\taria-haspopup=\"dialog\"\n\t\t\taria-label=\"Vergr\u00f6\u00dfern\"\n\t\t\tdata-wp-init=\"callbacks.initTriggerButton\"\n\t\t\tdata-wp-on--click=\"actions.showLightbox\"\n\t\t\tdata-wp-style--right=\"state.imageButtonRight\"\n\t\t\tdata-wp-style--top=\"state.imageButtonTop\"\n\t\t>\n\t\t\t<svg xmlns=\"http:\/\/www.w3.org\/2000\/svg\" width=\"12\" height=\"12\" fill=\"none\" viewBox=\"0 0 12 12\">\n\t\t\t\t<path fill=\"#fff\" d=\"M2 0a2 2 0 0 0-2 2v2h1.5V2a.5.5 0 0 1 .5-.5h2V0H2Zm2 10.5H2a.5.5 0 0 1-.5-.5V8H0v2a2 2 0 0 0 2 2h2v-1.5ZM8 12v-1.5h2a.5.5 0 0 0 .5-.5V8H12v2a2 2 0 0 1-2 2H8Zm2-12a2 2 0 0 1 2 2v2h-1.5V2a.5.5 0 0 0-.5-.5H8V0h2Z\" \/>\n\t\t\t<\/svg>\n\t\t<\/button><\/figure>\n\n\n\n<p>bei Gr\u00fcn ist das Rennen freigegeben, durch eine Soundausgabe unterst\u00fctzt<\/p>\n\n\n\n<figure class=\"wp-block-gallery has-nested-images columns-4 wp-block-gallery-1 is-layout-flex wp-block-gallery-is-layout-flex\">\n<figure data-wp-context=\"{&quot;imageId&quot;:&quot;69df4ba2dc6f4&quot;}\" data-wp-interactive=\"core\/image\" data-wp-key=\"69df4ba2dc6f4\" class=\"wp-block-image size-large wp-lightbox-container\"><img loading=\"lazy\" decoding=\"async\" width=\"800\" height=\"600\" data-wp-class--hide=\"state.isContentHidden\" data-wp-class--show=\"state.isContentVisible\" data-wp-init=\"callbacks.setButtonStyles\" data-wp-on--click=\"actions.showLightbox\" data-wp-on--load=\"callbacks.setButtonStyles\" data-wp-on-window--resize=\"callbacks.setButtonStyles\" data-id=\"73\" src=\"https:\/\/joes.light-and-time.de\/wp-content\/uploads\/2024\/12\/Rennbildschirm_3.gif\" alt=\"\" class=\"wp-image-73\"\/><button\n\t\t\tclass=\"lightbox-trigger\"\n\t\t\ttype=\"button\"\n\t\t\taria-haspopup=\"dialog\"\n\t\t\taria-label=\"Vergr\u00f6\u00dfern\"\n\t\t\tdata-wp-init=\"callbacks.initTriggerButton\"\n\t\t\tdata-wp-on--click=\"actions.showLightbox\"\n\t\t\tdata-wp-style--right=\"state.imageButtonRight\"\n\t\t\tdata-wp-style--top=\"state.imageButtonTop\"\n\t\t>\n\t\t\t<svg xmlns=\"http:\/\/www.w3.org\/2000\/svg\" width=\"12\" height=\"12\" fill=\"none\" viewBox=\"0 0 12 12\">\n\t\t\t\t<path fill=\"#fff\" d=\"M2 0a2 2 0 0 0-2 2v2h1.5V2a.5.5 0 0 1 .5-.5h2V0H2Zm2 10.5H2a.5.5 0 0 1-.5-.5V8H0v2a2 2 0 0 0 2 2h2v-1.5ZM8 12v-1.5h2a.5.5 0 0 0 .5-.5V8H12v2a2 2 0 0 1-2 2H8Zm2-12a2 2 0 0 1 2 2v2h-1.5V2a.5.5 0 0 0-.5-.5H8V0h2Z\" \/>\n\t\t\t<\/svg>\n\t\t<\/button><\/figure>\n\n\n\n<figure data-wp-context=\"{&quot;imageId&quot;:&quot;69df4ba2dc9a6&quot;}\" data-wp-interactive=\"core\/image\" data-wp-key=\"69df4ba2dc9a6\" class=\"wp-block-image size-large wp-lightbox-container\"><img loading=\"lazy\" decoding=\"async\" width=\"1024\" height=\"819\" data-wp-class--hide=\"state.isContentHidden\" data-wp-class--show=\"state.isContentVisible\" data-wp-init=\"callbacks.setButtonStyles\" data-wp-on--click=\"actions.showLightbox\" data-wp-on--load=\"callbacks.setButtonStyles\" data-wp-on-window--resize=\"callbacks.setButtonStyles\" data-id=\"75\" src=\"https:\/\/joes.light-and-time.de\/wp-content\/uploads\/2024\/12\/Rennbildschirm_bl-1024x819.jpg\" alt=\"\" class=\"wp-image-75\" srcset=\"https:\/\/joes.light-and-time.de\/wp-content\/uploads\/2024\/12\/Rennbildschirm_bl-1024x819.jpg 1024w, https:\/\/joes.light-and-time.de\/wp-content\/uploads\/2024\/12\/Rennbildschirm_bl-300x240.jpg 300w, https:\/\/joes.light-and-time.de\/wp-content\/uploads\/2024\/12\/Rennbildschirm_bl-768x614.jpg 768w, https:\/\/joes.light-and-time.de\/wp-content\/uploads\/2024\/12\/Rennbildschirm_bl.jpg 1280w\" sizes=\"auto, (max-width: 1024px) 100vw, 1024px\" \/><button\n\t\t\tclass=\"lightbox-trigger\"\n\t\t\ttype=\"button\"\n\t\t\taria-haspopup=\"dialog\"\n\t\t\taria-label=\"Vergr\u00f6\u00dfern\"\n\t\t\tdata-wp-init=\"callbacks.initTriggerButton\"\n\t\t\tdata-wp-on--click=\"actions.showLightbox\"\n\t\t\tdata-wp-style--right=\"state.imageButtonRight\"\n\t\t\tdata-wp-style--top=\"state.imageButtonTop\"\n\t\t>\n\t\t\t<svg xmlns=\"http:\/\/www.w3.org\/2000\/svg\" width=\"12\" height=\"12\" fill=\"none\" viewBox=\"0 0 12 12\">\n\t\t\t\t<path fill=\"#fff\" d=\"M2 0a2 2 0 0 0-2 2v2h1.5V2a.5.5 0 0 1 .5-.5h2V0H2Zm2 10.5H2a.5.5 0 0 1-.5-.5V8H0v2a2 2 0 0 0 2 2h2v-1.5ZM8 12v-1.5h2a.5.5 0 0 0 .5-.5V8H12v2a2 2 0 0 1-2 2H8Zm2-12a2 2 0 0 1 2 2v2h-1.5V2a.5.5 0 0 0-.5-.5H8V0h2Z\" \/>\n\t\t\t<\/svg>\n\t\t<\/button><\/figure>\n\n\n\n<figure data-wp-context=\"{&quot;imageId&quot;:&quot;69df4ba2dcc25&quot;}\" data-wp-interactive=\"core\/image\" data-wp-key=\"69df4ba2dcc25\" class=\"wp-block-image size-large wp-lightbox-container\"><img loading=\"lazy\" decoding=\"async\" width=\"1024\" height=\"819\" data-wp-class--hide=\"state.isContentHidden\" data-wp-class--show=\"state.isContentVisible\" data-wp-init=\"callbacks.setButtonStyles\" data-wp-on--click=\"actions.showLightbox\" data-wp-on--load=\"callbacks.setButtonStyles\" data-wp-on-window--resize=\"callbacks.setButtonStyles\" data-id=\"76\" src=\"https:\/\/joes.light-and-time.de\/wp-content\/uploads\/2024\/12\/Rennbildschirm_or-1024x819.jpg\" alt=\"\" class=\"wp-image-76\" srcset=\"https:\/\/joes.light-and-time.de\/wp-content\/uploads\/2024\/12\/Rennbildschirm_or-1024x819.jpg 1024w, https:\/\/joes.light-and-time.de\/wp-content\/uploads\/2024\/12\/Rennbildschirm_or-300x240.jpg 300w, https:\/\/joes.light-and-time.de\/wp-content\/uploads\/2024\/12\/Rennbildschirm_or-768x614.jpg 768w, https:\/\/joes.light-and-time.de\/wp-content\/uploads\/2024\/12\/Rennbildschirm_or.jpg 1280w\" sizes=\"auto, (max-width: 1024px) 100vw, 1024px\" \/><button\n\t\t\tclass=\"lightbox-trigger\"\n\t\t\ttype=\"button\"\n\t\t\taria-haspopup=\"dialog\"\n\t\t\taria-label=\"Vergr\u00f6\u00dfern\"\n\t\t\tdata-wp-init=\"callbacks.initTriggerButton\"\n\t\t\tdata-wp-on--click=\"actions.showLightbox\"\n\t\t\tdata-wp-style--right=\"state.imageButtonRight\"\n\t\t\tdata-wp-style--top=\"state.imageButtonTop\"\n\t\t>\n\t\t\t<svg xmlns=\"http:\/\/www.w3.org\/2000\/svg\" width=\"12\" height=\"12\" fill=\"none\" viewBox=\"0 0 12 12\">\n\t\t\t\t<path fill=\"#fff\" d=\"M2 0a2 2 0 0 0-2 2v2h1.5V2a.5.5 0 0 1 .5-.5h2V0H2Zm2 10.5H2a.5.5 0 0 1-.5-.5V8H0v2a2 2 0 0 0 2 2h2v-1.5ZM8 12v-1.5h2a.5.5 0 0 0 .5-.5V8H12v2a2 2 0 0 1-2 2H8Zm2-12a2 2 0 0 1 2 2v2h-1.5V2a.5.5 0 0 0-.5-.5H8V0h2Z\" \/>\n\t\t\t<\/svg>\n\t\t<\/button><\/figure>\n\n\n\n<figure data-wp-context=\"{&quot;imageId&quot;:&quot;69df4ba2dced3&quot;}\" data-wp-interactive=\"core\/image\" data-wp-key=\"69df4ba2dced3\" class=\"wp-block-image size-large wp-lightbox-container\"><img loading=\"lazy\" decoding=\"async\" width=\"1024\" height=\"819\" data-wp-class--hide=\"state.isContentHidden\" data-wp-class--show=\"state.isContentVisible\" data-wp-init=\"callbacks.setButtonStyles\" data-wp-on--click=\"actions.showLightbox\" data-wp-on--load=\"callbacks.setButtonStyles\" data-wp-on-window--resize=\"callbacks.setButtonStyles\" data-id=\"74\" src=\"https:\/\/joes.light-and-time.de\/wp-content\/uploads\/2024\/12\/Rennbildschirm_sw-1024x819.jpg\" alt=\"\" class=\"wp-image-74\" srcset=\"https:\/\/joes.light-and-time.de\/wp-content\/uploads\/2024\/12\/Rennbildschirm_sw-1024x819.jpg 1024w, https:\/\/joes.light-and-time.de\/wp-content\/uploads\/2024\/12\/Rennbildschirm_sw-300x240.jpg 300w, https:\/\/joes.light-and-time.de\/wp-content\/uploads\/2024\/12\/Rennbildschirm_sw-768x614.jpg 768w, https:\/\/joes.light-and-time.de\/wp-content\/uploads\/2024\/12\/Rennbildschirm_sw.jpg 1280w\" sizes=\"auto, (max-width: 1024px) 100vw, 1024px\" \/><button\n\t\t\tclass=\"lightbox-trigger\"\n\t\t\ttype=\"button\"\n\t\t\taria-haspopup=\"dialog\"\n\t\t\taria-label=\"Vergr\u00f6\u00dfern\"\n\t\t\tdata-wp-init=\"callbacks.initTriggerButton\"\n\t\t\tdata-wp-on--click=\"actions.showLightbox\"\n\t\t\tdata-wp-style--right=\"state.imageButtonRight\"\n\t\t\tdata-wp-style--top=\"state.imageButtonTop\"\n\t\t>\n\t\t\t<svg xmlns=\"http:\/\/www.w3.org\/2000\/svg\" width=\"12\" height=\"12\" fill=\"none\" viewBox=\"0 0 12 12\">\n\t\t\t\t<path fill=\"#fff\" d=\"M2 0a2 2 0 0 0-2 2v2h1.5V2a.5.5 0 0 1 .5-.5h2V0H2Zm2 10.5H2a.5.5 0 0 1-.5-.5V8H0v2a2 2 0 0 0 2 2h2v-1.5ZM8 12v-1.5h2a.5.5 0 0 0 .5-.5V8H12v2a2 2 0 0 1-2 2H8Zm2-12a2 2 0 0 1 2 2v2h-1.5V2a.5.5 0 0 0-.5-.5H8V0h2Z\" \/>\n\t\t\t<\/svg>\n\t\t<\/button><\/figure>\n<\/figure>\n\n\n\n<p>Die Farbe der Fenster und Bildschirmelemente kann eigenen Bed\u00fcrfnissen angepasst werden. Die Bilder zeigen den Rennbildschirm in Spaltenansicht auf einem 4:3 Monitor.<\/p>\n\n\n\n<figure data-wp-context=\"{&quot;imageId&quot;:&quot;69df4ba2dd59a&quot;}\" data-wp-interactive=\"core\/image\" data-wp-key=\"69df4ba2dd59a\" class=\"wp-block-image size-large is-resized wp-lightbox-container\"><img loading=\"lazy\" decoding=\"async\" width=\"1024\" height=\"576\" data-wp-class--hide=\"state.isContentHidden\" data-wp-class--show=\"state.isContentVisible\" data-wp-init=\"callbacks.setButtonStyles\" data-wp-on--click=\"actions.showLightbox\" data-wp-on--load=\"callbacks.setButtonStyles\" data-wp-on-window--resize=\"callbacks.setButtonStyles\" src=\"https:\/\/joes.light-and-time.de\/wp-content\/uploads\/2024\/12\/Rennen_Zeilenansicht-1024x576.jpg\" alt=\"\" class=\"wp-image-82\" style=\"width:700px\" srcset=\"https:\/\/joes.light-and-time.de\/wp-content\/uploads\/2024\/12\/Rennen_Zeilenansicht-1024x576.jpg 1024w, https:\/\/joes.light-and-time.de\/wp-content\/uploads\/2024\/12\/Rennen_Zeilenansicht-300x169.jpg 300w, https:\/\/joes.light-and-time.de\/wp-content\/uploads\/2024\/12\/Rennen_Zeilenansicht-768x432.jpg 768w, https:\/\/joes.light-and-time.de\/wp-content\/uploads\/2024\/12\/Rennen_Zeilenansicht-1536x864.jpg 1536w, https:\/\/joes.light-and-time.de\/wp-content\/uploads\/2024\/12\/Rennen_Zeilenansicht.jpg 1920w\" sizes=\"auto, (max-width: 1024px) 100vw, 1024px\" \/><button\n\t\t\tclass=\"lightbox-trigger\"\n\t\t\ttype=\"button\"\n\t\t\taria-haspopup=\"dialog\"\n\t\t\taria-label=\"Vergr\u00f6\u00dfern\"\n\t\t\tdata-wp-init=\"callbacks.initTriggerButton\"\n\t\t\tdata-wp-on--click=\"actions.showLightbox\"\n\t\t\tdata-wp-style--right=\"state.imageButtonRight\"\n\t\t\tdata-wp-style--top=\"state.imageButtonTop\"\n\t\t>\n\t\t\t<svg xmlns=\"http:\/\/www.w3.org\/2000\/svg\" width=\"12\" height=\"12\" fill=\"none\" viewBox=\"0 0 12 12\">\n\t\t\t\t<path fill=\"#fff\" d=\"M2 0a2 2 0 0 0-2 2v2h1.5V2a.5.5 0 0 1 .5-.5h2V0H2Zm2 10.5H2a.5.5 0 0 1-.5-.5V8H0v2a2 2 0 0 0 2 2h2v-1.5ZM8 12v-1.5h2a.5.5 0 0 0 .5-.5V8H12v2a2 2 0 0 1-2 2H8Zm2-12a2 2 0 0 1 2 2v2h-1.5V2a.5.5 0 0 0-.5-.5H8V0h2Z\" \/>\n\t\t\t<\/svg>\n\t\t<\/button><\/figure>\n\n\n\n<p>Neben der oben gezeigten Spaltendarstellung k\u00f6nnen die Renninformationen auch zeilenweise angezeigt werden (Anzeige auf einem Breitbildmonitor, die Fahrzeuganzeige wurde deaktiviert, keine Tankanzeige).<\/p>\n\n\n\n<figure data-wp-context=\"{&quot;imageId&quot;:&quot;69df4ba2dd827&quot;}\" data-wp-interactive=\"core\/image\" data-wp-key=\"69df4ba2dd827\" class=\"wp-block-image size-full is-resized wp-lightbox-container\"><img loading=\"lazy\" decoding=\"async\" width=\"1000\" height=\"665\" data-wp-class--hide=\"state.isContentHidden\" data-wp-class--show=\"state.isContentVisible\" data-wp-init=\"callbacks.setButtonStyles\" data-wp-on--click=\"actions.showLightbox\" data-wp-on--load=\"callbacks.setButtonStyles\" data-wp-on-window--resize=\"callbacks.setButtonStyles\" src=\"https:\/\/joes.light-and-time.de\/wp-content\/uploads\/2024\/12\/Wettkampf2_2.gif\" alt=\"\" class=\"wp-image-83\" style=\"width:600px\"\/><button\n\t\t\tclass=\"lightbox-trigger\"\n\t\t\ttype=\"button\"\n\t\t\taria-haspopup=\"dialog\"\n\t\t\taria-label=\"Vergr\u00f6\u00dfern\"\n\t\t\tdata-wp-init=\"callbacks.initTriggerButton\"\n\t\t\tdata-wp-on--click=\"actions.showLightbox\"\n\t\t\tdata-wp-style--right=\"state.imageButtonRight\"\n\t\t\tdata-wp-style--top=\"state.imageButtonTop\"\n\t\t>\n\t\t\t<svg xmlns=\"http:\/\/www.w3.org\/2000\/svg\" width=\"12\" height=\"12\" fill=\"none\" viewBox=\"0 0 12 12\">\n\t\t\t\t<path fill=\"#fff\" d=\"M2 0a2 2 0 0 0-2 2v2h1.5V2a.5.5 0 0 1 .5-.5h2V0H2Zm2 10.5H2a.5.5 0 0 1-.5-.5V8H0v2a2 2 0 0 0 2 2h2v-1.5ZM8 12v-1.5h2a.5.5 0 0 0 .5-.5V8H12v2a2 2 0 0 1-2 2H8Zm2-12a2 2 0 0 1 2 2v2h-1.5V2a.5.5 0 0 0-.5-.5H8V0h2Z\" \/>\n\t\t\t<\/svg>\n\t\t<\/button><\/figure>\n\n\n\n<p>Auch Wettk\u00e4mpfe mit mehr Fahrern als Spuren sind m\u00f6glich.<\/p>\n\n\n\n<figure data-wp-context=\"{&quot;imageId&quot;:&quot;69df4ba2ddafb&quot;}\" data-wp-interactive=\"core\/image\" data-wp-key=\"69df4ba2ddafb\" class=\"wp-block-image size-large is-resized wp-lightbox-container\"><img loading=\"lazy\" decoding=\"async\" width=\"1024\" height=\"819\" data-wp-class--hide=\"state.isContentHidden\" data-wp-class--show=\"state.isContentVisible\" data-wp-init=\"callbacks.setButtonStyles\" data-wp-on--click=\"actions.showLightbox\" data-wp-on--load=\"callbacks.setButtonStyles\" data-wp-on-window--resize=\"callbacks.setButtonStyles\" src=\"https:\/\/joes.light-and-time.de\/wp-content\/uploads\/2024\/12\/Auswertung_sw-1024x819.jpg\" alt=\"\" class=\"wp-image-84\" style=\"width:600px\" srcset=\"https:\/\/joes.light-and-time.de\/wp-content\/uploads\/2024\/12\/Auswertung_sw-1024x819.jpg 1024w, https:\/\/joes.light-and-time.de\/wp-content\/uploads\/2024\/12\/Auswertung_sw-300x240.jpg 300w, https:\/\/joes.light-and-time.de\/wp-content\/uploads\/2024\/12\/Auswertung_sw-768x614.jpg 768w, https:\/\/joes.light-and-time.de\/wp-content\/uploads\/2024\/12\/Auswertung_sw.jpg 1280w\" sizes=\"auto, (max-width: 1024px) 100vw, 1024px\" \/><button\n\t\t\tclass=\"lightbox-trigger\"\n\t\t\ttype=\"button\"\n\t\t\taria-haspopup=\"dialog\"\n\t\t\taria-label=\"Vergr\u00f6\u00dfern\"\n\t\t\tdata-wp-init=\"callbacks.initTriggerButton\"\n\t\t\tdata-wp-on--click=\"actions.showLightbox\"\n\t\t\tdata-wp-style--right=\"state.imageButtonRight\"\n\t\t\tdata-wp-style--top=\"state.imageButtonTop\"\n\t\t>\n\t\t\t<svg xmlns=\"http:\/\/www.w3.org\/2000\/svg\" width=\"12\" height=\"12\" fill=\"none\" viewBox=\"0 0 12 12\">\n\t\t\t\t<path fill=\"#fff\" d=\"M2 0a2 2 0 0 0-2 2v2h1.5V2a.5.5 0 0 1 .5-.5h2V0H2Zm2 10.5H2a.5.5 0 0 1-.5-.5V8H0v2a2 2 0 0 0 2 2h2v-1.5ZM8 12v-1.5h2a.5.5 0 0 0 .5-.5V8H12v2a2 2 0 0 1-2 2H8Zm2-12a2 2 0 0 1 2 2v2h-1.5V2a.5.5 0 0 0-.5-.5H8V0h2Z\" \/>\n\t\t\t<\/svg>\n\t\t<\/button><\/figure>\n\n\n\n<p>Der Auswertebildschirm zeigt die Rennergebnisse nach Rennende im Detail an. Die Ergebnisse lassen sich in csv-Dateien speichern und so in bspw. einer Tabellenkalkulation weiter verarbeiten.<\/p>\n","protected":false},"excerpt":{"rendered":"<p>Durch vielfache Einstellm\u00f6glichkeiten f\u00fcr Bildschirmfarben, Schriftfarben und anzuzeigende Elemente l\u00e4sst sich L&amp;T individuell anpassen. Die folgenden Bilder geben einen Eindruck von den M\u00f6glichkeiten: Das Hauptmen\u00fc bietet schnellen Zugriff auf die grundlegenden Einstellungen mit wenigen Klicks. Im Einstellungsmen\u00fc k\u00f6nnen viele Rennparameter und Programmdetails festgelegt werden. Aussehen und Funktion\/Rennablauf k\u00f6nnen so an deine Bed\u00fcrfnisse angepasst werden. Startampel [&hellip;]<\/p>\n","protected":false},"author":1,"featured_media":0,"parent":0,"menu_order":0,"comment_status":"closed","ping_status":"closed","template":"","meta":{"footnotes":""},"class_list":["post-14","page","type-page","status-publish","hentry","post"],"_links":{"self":[{"href":"https:\/\/joes.light-and-time.de\/index.php?rest_route=\/wp\/v2\/pages\/14","targetHints":{"allow":["GET"]}}],"collection":[{"href":"https:\/\/joes.light-and-time.de\/index.php?rest_route=\/wp\/v2\/pages"}],"about":[{"href":"https:\/\/joes.light-and-time.de\/index.php?rest_route=\/wp\/v2\/types\/page"}],"author":[{"embeddable":true,"href":"https:\/\/joes.light-and-time.de\/index.php?rest_route=\/wp\/v2\/users\/1"}],"replies":[{"embeddable":true,"href":"https:\/\/joes.light-and-time.de\/index.php?rest_route=%2Fwp%2Fv2%2Fcomments&post=14"}],"version-history":[{"count":6,"href":"https:\/\/joes.light-and-time.de\/index.php?rest_route=\/wp\/v2\/pages\/14\/revisions"}],"predecessor-version":[{"id":102,"href":"https:\/\/joes.light-and-time.de\/index.php?rest_route=\/wp\/v2\/pages\/14\/revisions\/102"}],"wp:attachment":[{"href":"https:\/\/joes.light-and-time.de\/index.php?rest_route=%2Fwp%2Fv2%2Fmedia&parent=14"}],"curies":[{"name":"wp","href":"https:\/\/api.w.org\/{rel}","templated":true}]}}